{"id":501,"date":"2023-01-23T10:41:32","date_gmt":"2023-01-23T10:41:32","guid":{"rendered":"https:\/\/wmpodcast.wemigrants.com\/index.php\/ueber-uns\/"},"modified":"2023-11-06T21:17:23","modified_gmt":"2023-11-06T21:17:23","slug":"ueber-uns","status":"publish","type":"page","link":"https:\/\/wmpodcast.wemigrants.com\/index.php\/ueber-uns\/?lang=de","title":{"rendered":"\u00dcber uns"},"content":{"rendered":"\t\t<div data-elementor-type=\"wp-page\" data-elementor-id=\"501\" class=\"elementor elementor-501 elementor-294\">\n\t\t\t\t\t\t<section class=\"elementor-section elementor-top-section elementor-element elementor-element-e12bf3e elementor-section-full_width elementor-section-height-default elementor-section-height-default\" data-id=\"e12bf3e\" data-element_type=\"section\">\n\t\t\t\t\t\t<div class=\"elementor-container elementor-column-gap-no\">\n\t\t\t\t\t<div class=\"elementor-column elementor-col-100 elementor-top-column elementor-element elementor-element-f68fa17\" data-id=\"f68fa17\" data-element_type=\"column\">\n\t\t\t<div class=\"elementor-widget-wrap elementor-element-populated\">\n\t\t\t\t\t\t<div class=\"elementor-element elementor-element-24c7183 elementor-widget elementor-widget-text-editor\" data-id=\"24c7183\" data-element_type=\"widget\" data-widget_type=\"text-editor.default\">\n\t\t\t\t<div class=\"elementor-widget-container\">\n\t\t\t\t\t\t\t\t\t<p>Willkommen beim We migrants Podcast<\/p>\n\t\t\t\t\t\t\t\t<\/div>\n\t\t\t\t<\/div>\n\t\t\t\t<div class=\"elementor-element elementor-element-83eb3a8 elementor-widget elementor-widget-text-editor\" data-id=\"83eb3a8\" data-element_type=\"widget\" data-widget_type=\"text-editor.default\">\n\t\t\t\t<div class=\"elementor-widget-container\">\n\t\t\t\t\t\t\t\t\t<p>Unser von der Stadt Oldenburg gef\u00f6rdertes Projekt hat zum Ziel, den B\u00fcrgern der Stadt und vor allem den Migranten die M\u00f6glichkeit zu geben, sich in ihrer eigenen Sprache zu Themen zu \u00e4u\u00dfern, \u00fcber die sie gerne sprechen m\u00f6chten. Wer in der Gegend wohnt, kann sich mit uns in Verbindung setzen und die Details f\u00fcr die Aufzeichnung der Sendung vereinbaren. Die Podcasts sind in verschiedenen Sprachen, aber wir werden uns bem\u00fchen, sie zumindest als Text zu \u00fcbersetzen und vor allem diejenigen, die Informationen geben, die mehr Menschen nutzen k\u00f6nnten.<\/p>\n\t\t\t\t\t\t\t\t<\/div>\n\t\t\t\t<\/div>\n\t\t\t\t<div class=\"elementor-element elementor-element-ed92eda elementor-widget elementor-widget-text-editor\" data-id=\"ed92eda\" data-element_type=\"widget\" data-widget_type=\"text-editor.default\">\n\t\t\t\t<div class=\"elementor-widget-container\">\n\t\t\t\t\t\t\t\t\t<p>Der WM Pocast ist ein Teilprojekt der We Migrants Initiave, unterst\u00fctzt vom F\u00f6rderverein Dietrichsfeld e.V und der Stadt Oldenburg. Sie k\u00f6nnen uns \u00fcber unser Email-Formular kontaktieren. Unser Impressum ist das gleiche wie das der We Migrants Seite.<\/p>\n\t\t\t\t\t\t\t\t<\/div>\n\t\t\t\t<\/div>\n\t\t\t\t\t<\/div>\n\t\t<\/div>\n\t\t\t\t\t<\/div>\n\t\t<\/section>\n\t\t\t\t<\/div>\n\t\t","protected":false},"excerpt":{"rendered":"<p>Willkommen beim We migrants Podcast Unser von der Stadt Oldenburg gef\u00f6rdertes Projekt hat zum Ziel, den B\u00fcrgern der Stadt und vor allem den Migranten die M\u00f6glichkeit zu geben, sich in ihrer eigenen Sprache zu Themen [&hellip;]<\/p>\n","protected":false},"author":1,"featured_media":0,"parent":0,"menu_order":0,"comment_status":"closed","ping_status":"closed","template":"templates\/template-fullwidth-narrow.php","meta":{"inline_featured_image":false,"_monsterinsights_skip_tracking":false,"_monsterinsights_sitenote_active":false,"_monsterinsights_sitenote_note":"","_monsterinsights_sitenote_category":0,"footnotes":""},"class_list":["post-501","page","type-page","status-publish","hentry"],"aioseo_notices":[],"_links":{"self":[{"href":"https:\/\/wmpodcast.wemigrants.com\/index.php\/wp-json\/wp\/v2\/pages\/501","targetHints":{"allow":["GET"]}}],"collection":[{"href":"https:\/\/wmpodcast.wemigrants.com\/index.php\/wp-json\/wp\/v2\/pages"}],"about":[{"href":"https:\/\/wmpodcast.wemigrants.com\/index.php\/wp-json\/wp\/v2\/types\/page"}],"author":[{"embeddable":true,"href":"https:\/\/wmpodcast.wemigrants.com\/index.php\/wp-json\/wp\/v2\/users\/1"}],"replies":[{"embeddable":true,"href":"https:\/\/wmpodcast.wemigrants.com\/index.php\/wp-json\/wp\/v2\/comments?post=501"}],"version-history":[{"count":1,"href":"https:\/\/wmpodcast.wemigrants.com\/index.php\/wp-json\/wp\/v2\/pages\/501\/revisions"}],"predecessor-version":[{"id":502,"href":"https:\/\/wmpodcast.wemigrants.com\/index.php\/wp-json\/wp\/v2\/pages\/501\/revisions\/502"}],"wp:attachment":[{"href":"https:\/\/wmpodcast.wemigrants.com\/index.php\/wp-json\/wp\/v2\/media?parent=501"}],"curies":[{"name":"wp","href":"https:\/\/api.w.org\/{rel}","templated":true}]}}